{"id":6238,"date":"2024-02-16T19:16:13","date_gmt":"2024-02-17T00:16:13","guid":{"rendered":"https:\/\/myelin.solutions\/personal-information-policy\/"},"modified":"2024-04-29T15:22:27","modified_gmt":"2024-04-29T19:22:27","slug":"personal-information-policy","status":"publish","type":"page","link":"https:\/\/myelin.solutions\/en\/personal-information-policy\/","title":{"rendered":"personal information policy"},"content":{"rendered":"\t\t<div data-elementor-type=\"wp-page\" data-elementor-id=\"6238\" class=\"elementor elementor-6238 elementor-6230\" data-elementor-post-type=\"page\">\n\t\t\t\t<div class=\"elementor-element elementor-element-4c24c92 e-flex e-con-boxed e-con e-parent\" data-id=\"4c24c92\" data-element_type=\"container\" data-e-type=\"container\">\n\t\t\t\t\t<div class=\"e-con-inner\">\n\t\t\t\t<div class=\"elementor-element elementor-element-f37e3a0 elementor-widget elementor-widget-posts\" data-id=\"f37e3a0\" data-element_type=\"widget\" data-e-type=\"widget\" data-settings=\"{&quot;full_content_row_gap&quot;:{&quot;unit&quot;:&quot;px&quot;,&quot;size&quot;:35,&quot;sizes&quot;:[]}}\" data-widget_type=\"posts.full_content\">\n\t\t\t\t<div class=\"elementor-widget-container\">\n\t\t\t\t\t\t\t<div class=\"elementor-posts-container elementor-posts elementor-posts--skin-full_content elementor-grid\" role=\"list\">\n\t\t\t\t<article class=\"elementor-post elementor-grid-item post-7295 politique-donnees type-politique-donnees status-publish hentry\" role=\"listitem\">\n\t\t\t\t<div class=\"elementor-post__text\">\n\t\t\n<h1 id=\"1.-Aper\u00e7u\" data-renderer-start-pos=\"1\">1. Overview<\/h1>\n<p>Implementing a procedure for retaining, destroying and anonymizing personal information is important to ensure the protection of individual privacy, comply with privacy laws, prevent privacy incidents involving personal information and security breaches, maintain customer confidence and protect the organization&#8217;s reputation.<\/p>\n<p> <\/p>\n<h1 id=\"2.-Objectif\" data-renderer-start-pos=\"470\">2. Objective<\/h1>\n<p>The purpose of this procedure is to guarantee the protection of individual privacy and to comply with legal obligations regarding the protection of personal information.<\/p>\n<p> <\/p>\n<h1 id=\"3.-Port\u00e9e\" data-renderer-start-pos=\"670\">3. Scope<\/h1>\n<p>The scope of this procedure should cover the entire life cycle of personal information, from collection to destruction. It concerns all employees and stakeholders involved in the collection, processing, storage, destruction and anonymization of personal information in accordance with legal requirements and good privacy practices.<\/p>\n<p> <\/p>\n<h1 id=\"4.-D\u00e9finitions\" data-renderer-start-pos=\"1114\">4. Definitions<\/h1>\n<p data-renderer-start-pos=\"1130\"><strong data-renderer-mark=\"true\">Anonymization<\/strong>: the process of modifying personal information so that it can no longer be identified, directly or indirectly, at any time.<\/p>\n<p data-renderer-start-pos=\"1338\"><strong data-renderer-mark=\"true\">Retention <\/strong>: secure storage of personal information for as long as required.<\/p>\n<p data-renderer-start-pos=\"1428\"><strong data-renderer-mark=\"true\">Destruction<\/strong>: deletion, elimination or permanent erasure of personal information.<\/p>\n<p data-renderer-start-pos=\"1523\"><strong data-renderer-mark=\"true\">Company: <\/strong>10146200 Canada Inc. (Myelin Solutions)<\/p>\n<p data-renderer-start-pos=\"1576\"><strong data-renderer-mark=\"true\">Personal information<\/strong>: any information that directly or indirectly identifies a natural person.<\/p>\n<p data-renderer-start-pos=\"1701\"><strong data-renderer-mark=\"true\">Services: <\/strong>Any software, offered by the company, downloaded by the customer onto an electronic device.<\/p>\n<p data-renderer-start-pos=\"1701\"> <\/p>\n<h1 id=\"5.-Type-de-donn\u00e9es-collect\u00e9es\" data-renderer-start-pos=\"1809\">5. Types of data collected<\/h1>\n<h2 id=\"5.1-Donn\u00e9es-personnelles-d\u2019identification\" data-renderer-start-pos=\"1840\"><em data-renderer-mark=\"true\"><strong data-renderer-mark=\"true\">5.1 Personal identification data<\/strong><\/em><\/h2>\n<p data-renderer-start-pos=\"1883\">Personal identification data may include, but is not limited to:<\/p>\n<ul class=\"ak-ul\" data-indent-level=\"1\">\n<li>\n<p data-renderer-start-pos=\"1967\">Email address<\/p>\n<\/li>\n<li>\n<p data-renderer-start-pos=\"1987\">Full name<\/p>\n<\/li>\n<li>\n<p data-renderer-start-pos=\"2002\">Banking information<\/p>\n<\/li>\n<li>\n<p data-renderer-start-pos=\"2028\">Date of birth<\/p>\n<\/li>\n<li>\n<p data-renderer-start-pos=\"2049\">Any information used to contact or identify a customer<\/p>\n<\/li>\n<li>\n<p data-renderer-start-pos=\"2118\">Internet protocol address of the device used by the customer<\/p>\n<\/li>\n<li>\n<p data-renderer-start-pos=\"2187\">Unique identifiers of the device used by the customer<\/p>\n<\/li>\n<\/ul>\n<h2 id=\"5.2-Donn\u00e9es-statistiques-d\u2019utilisation\" data-renderer-start-pos=\"2249\"><em data-renderer-mark=\"true\"><strong data-renderer-mark=\"true\">5.2 Usage statistics<\/strong><\/em><\/h2>\n<p data-renderer-start-pos=\"2289\">Statistical usage data may include, but is not limited to:<\/p>\n<ul class=\"ak-ul\" data-indent-level=\"1\">\n<li>\n<p data-renderer-start-pos=\"2370\">Browser type and version<\/p>\n<\/li>\n<li>\n<p data-renderer-start-pos=\"2403\">Services used<\/p>\n<\/li>\n<li>\n<p data-renderer-start-pos=\"2424\">Consulted data<\/p>\n<\/li>\n<li>\n<p data-renderer-start-pos=\"2446\">Date and time of application use<\/p>\n<\/li>\n<li>\n<p data-renderer-start-pos=\"2498\">Time spent on the application<\/p>\n<\/li>\n<li>\n<p data-renderer-start-pos=\"2531\">Data interaction statistics<\/p>\n<\/li>\n<li>\n<p data-renderer-start-pos=\"2578\">Any other data needed to diagnose computer problems<\/p>\n<\/li>\n<\/ul>\n<h2 id=\"5.3-Donn\u00e9es-entr\u00e9es-par-le-client-lors-de-l\u2019utilisation-des-services\" data-renderer-start-pos=\"2657\"><em data-renderer-mark=\"true\"><strong data-renderer-mark=\"true\">5.3 Data entered by the customer when using the services<\/strong><\/em><\/h2>\n<p data-renderer-start-pos=\"2727\">Data entered by the customer when using the services may include, but is not limited to:<\/p>\n<ul class=\"ak-ul\" data-indent-level=\"1\">\n<li>\n<p data-renderer-start-pos=\"2838\">All documents uploaded to an account, including photos, videos, images and text.<\/p>\n<\/li>\n<li>\n<p data-renderer-start-pos=\"2930\">Any data recorded in an account, by the customer, when using one or more applications.<\/p>\n<\/li>\n<\/ul>\n<p> <\/p>\n<h1 id=\"4.-Proc\u00e9dure\" data-renderer-start-pos=\"3039\">4. Procedure<\/h1>\n<h2 id=\"4.1-Utilisation-des-donn\u00e9es\" data-renderer-start-pos=\"3053\"><em data-renderer-mark=\"true\"><strong data-renderer-mark=\"true\">4.1 Data usage<\/strong><\/em><\/h2>\n<p data-renderer-start-pos=\"3082\">4.1.1 The company uses customers&#8217; personal information to provide and improve its services. This includes, but is not limited to<\/p>\n<ul class=\"ak-ul\" data-indent-level=\"1\">\n<li>\n<p data-renderer-start-pos=\"3227\">Establish service usage statistics<\/p>\n<\/li>\n<li>\n<p data-renderer-start-pos=\"3282\">Manage customer access<\/p>\n<\/li>\n<li>\n<p data-renderer-start-pos=\"3313\">Execute a contract between the company and the customer<\/p>\n<\/li>\n<li>\n<p data-renderer-start-pos=\"3368\">Responding to a customer&#8217;s requests for its own data<\/p>\n<\/li>\n<li>\n<p data-renderer-start-pos=\"3436\">Contacting a customer for reasons essential to the proper functioning of the services. This includes, but is not limited to<\/p>\n<ul class=\"ak-ul\" data-indent-level=\"2\">\n<li>\n<p data-renderer-start-pos=\"3558\">Responding to customer requests<\/p>\n<\/li>\n<li>\n<p data-renderer-start-pos=\"3595\">Execute a contract between the company and the customer<\/p>\n<\/li>\n<li>\n<p data-renderer-start-pos=\"3650\">Notify us of security updates<\/p>\n<\/li>\n<\/ul>\n<\/li>\n<li>\n<p data-renderer-start-pos=\"3692\">Contact a customer for special offers or general information about the company or services, when authorized by the customer.<\/p>\n<\/li>\n<\/ul>\n<p data-renderer-start-pos=\"3837\">4.1.2 By using the services, the customer agrees to the collection and use of information in accordance with this policy.<\/p>\n<h2 id=\"4.2-Dur\u00e9e-de-conservation\" data-renderer-start-pos=\"3973\"><em data-renderer-mark=\"true\"><strong data-renderer-mark=\"true\">4.2 Shelf life<\/strong><\/em><\/h2>\n<p data-renderer-start-pos=\"4000\">4.2.1 Personal information has been categorized as follows:<\/p>\n<ul class=\"ak-ul\" data-indent-level=\"1\">\n<li>\n<p data-renderer-start-pos=\"4082\">information concerning company employees and members of the Board of Directors,<\/p>\n<\/li>\n<li>\n<p data-renderer-start-pos=\"4184\">customer information.<\/p>\n<\/li>\n<\/ul>\n<p data-renderer-start-pos=\"4226\">4.2.2 The retention period for each of these categories has been established as follows:<\/p>\n<ul>\n<li data-renderer-start-pos=\"4226\">Company employees and board members: variable, depending on the type of personal information.<\/li>\n<\/ul>\n<ul class=\"ak-ul\" data-indent-level=\"1\">\n<li>\n<p data-renderer-start-pos=\"4453\">Customers: variable depending on the type of personal information<\/p>\n<\/li>\n<\/ul>\n<h2 id=\"4.3-M\u00e9thodes-de-stockage-s\u00e9curis\u00e9\" data-renderer-start-pos=\"4524\"><em data-renderer-mark=\"true\"><strong data-renderer-mark=\"true\">4.3 Secure storage methods<\/strong><\/em><\/h2>\n<p data-renderer-start-pos=\"4559\">4.3.1 The degree of sensitivity of each of these storage sites has been established as follows:<\/p>\n<ul data-indent-level=\"1\">\n<li>\n<p data-renderer-start-pos=\"4647\">Level 1: Highly sensitive company or customer data<\/p>\n<\/li>\n<li>\n<p data-renderer-start-pos=\"4714\">Level 2: Sensitive internal data<\/p>\n<\/li>\n<li>\n<p data-renderer-start-pos=\"4755\">Level 3: Internal data not intended for public disclosure<\/p>\n<\/li>\n<li>\n<p data-renderer-start-pos=\"4840\">Level 4: Data that may be disclosed to the public<\/p>\n<\/li>\n<\/ul>\n<p data-renderer-start-pos=\"4896\">4.3.2 Personal information is stored in the following locations:<\/p>\n<ul data-indent-level=\"1\">\n<li>\n<p data-renderer-start-pos=\"4971\">Neo4J database servers for the Mylin and Synerpsy applications (sensitivity levels 1,2,3 and 4 (4 being designated as public by our database).<\/p>\n<\/li>\n<li>\n<p data-renderer-start-pos=\"5139\">Postgres database servers for Mylin and Synerpsy applications (sensitivity level 1)<\/p>\n<\/li>\n<li>\n<p data-renderer-start-pos=\"5241\">Servers containing the activity history of Mylin and Synerpsy applications (sensitivity levels 2 and 3)<\/p>\n<\/li>\n<li>\n<p data-renderer-start-pos=\"5353\">Employee data<\/p>\n<\/li>\n<\/ul>\n<p data-renderer-start-pos=\"5377\">4.3.3 These storage facilities, whether paper or digital, are adequately secured.<\/p>\n<p data-renderer-start-pos=\"5471\">4.3.4 Access to these storage facilities has been restricted to authorized persons only.<\/p>\n<h2 id=\"4.4-Destruction-des-renseignements-personnels\" data-renderer-start-pos=\"5499\"><em data-renderer-mark=\"true\"><strong data-renderer-mark=\"true\">4.4 Destruction of personal information<\/strong><\/em><\/h2>\n<p data-renderer-start-pos=\"5608\">4.4.1 Personal information on paper will be completely shredded.<\/p>\n<p data-renderer-start-pos=\"5697\">4.4.2 For digital personal information, it will be completely deleted from company devices (computers, phone, tablet, external hard drive), servers and cloud tools.<\/p>\n<p data-renderer-start-pos=\"5911\">4.4.3 The destruction schedule based on the retention period established for each category of personal information has been created.<\/p>\n<p data-renderer-start-pos=\"6058\">4.4.4 Destruction will be carried out in such a way that personal information cannot be recovered or reconstituted.<\/p>\n<p data-renderer-start-pos=\"6194\">4.4.5 The customer may request the deletion of personal data by e-mail or telephone.<\/p>\n<p data-renderer-start-pos=\"6312\">4.4.6 The destruction of a customer&#8217;s personal data will take place within a reasonable period of time.<\/p>\n<p data-renderer-start-pos=\"6410\">4.4.7 This reasonable period includes time for deleting company backups made in the clear interest of the customer (data recovery in the event of data loss).<\/p>\n<h2 id=\"4.5-Anonymisation-des-renseignements-personnels\" data-renderer-start-pos=\"6350\"><em data-renderer-mark=\"true\"><strong data-renderer-mark=\"true\">4.5 Anonymization of personal information<\/strong><\/em><\/h2>\n<p data-renderer-start-pos=\"6651\">4.5.1 Personal information used in applications is anonymized.<\/p>\n<p data-renderer-start-pos=\"6749\">4.5.2 The chosen method of anonymizing personal information is as follows:<\/p>\n<ul class=\"ak-ul\" data-indent-level=\"1\">\n<li>\n<p data-renderer-start-pos=\"6841\">De-identification: Information that directly identifies a customer is kept separate from the rest of the information.<\/p>\n<\/li>\n<\/ul>\n<p data-renderer-start-pos=\"6981\">4.5.3 The types of information considered to identify a customer include, but are not limited to, personal identification data.<\/p>\n<p data-renderer-start-pos=\"7137\">4.5.4 The types of information considered not to identify a customer include, but are not limited to, data entered by the customer when using the services and statistical usage data.<\/p>\n<p data-renderer-start-pos=\"7368\">4.5.5 Information considered public includes, but is not limited to, data that a customer has explicitly identified as public.<\/p>\n<p data-renderer-start-pos=\"7523\">4.5.6 When personal information is deleted, only public data will be retained.<\/p>\n<h2 id=\"4.6-Partage-des-informations-personnelles\" data-renderer-start-pos=\"7379\"><em data-renderer-mark=\"true\"><strong data-renderer-mark=\"true\">4.6 Sharing personal information<\/strong><\/em><\/h2>\n<p data-renderer-start-pos=\"7422\">4.6.1 The company may share customer data in the following situations:<\/p>\n<ul class=\"ak-ul\" data-indent-level=\"1\">\n<li>\n<p data-renderer-start-pos=\"7513\">Run a service that requires the use of an external provider. External suppliers have their own privacy policies. External suppliers include, but are not limited to:<\/p>\n<ul class=\"ak-ul\" data-indent-level=\"1\">\n<li><a href=\"https:\/\/www.mailgun.com\/legal\/privacy-policy\/\">Mailgun<\/a><\/li>\n<li><a href=\"https:\/\/www.apple.com\/legal\/privacy\/\">Apple Store<\/a><\/li>\n<li><a href=\"https:\/\/policies.google.com\/privacy\">Google Play<\/a><\/li>\n<li><a href=\"https:\/\/stripe.com\/fr-ca\/privacy\">Stripe<\/a><\/li>\n<\/ul>\n<\/li>\n<li>\n<p data-renderer-start-pos=\"8041\">Sell all or part of the business to another company.<\/p>\n<\/li>\n<li>\n<p data-renderer-start-pos=\"8106\">Working with a partner company. In this situation, the partner company is obliged to honor this policy. Partner companies may include, but are not limited to, a parent company, a subsidiary or any other organization controlled by the company.<\/p>\n<\/li>\n<li>\n<p data-renderer-start-pos=\"8388\">Allow the customer to interact with other customers when using the services. When the customer shares personal information or interacts in any other way in public areas with other customers, this information may be consulted or broadcast publicly.<\/p>\n<\/li>\n<li>\n<p data-renderer-start-pos=\"8690\">Meeting a legal obligation<\/p>\n<\/li>\n<\/ul>\n<h2 id=\"4.7-Formation-et-sensibilisation-du-personnel\" data-renderer-start-pos=\"8476\"><em data-renderer-mark=\"true\"><strong data-renderer-mark=\"true\">4.7 Employee training and awareness<\/strong><\/em><\/h2>\n<p data-renderer-start-pos=\"8775\">4.7.1 Employees will receive regular training on the procedure for retaining, destroying and anonymizing personal information, as well as on the risks associated with breaches of privacy.<\/p>\n<p data-renderer-start-pos=\"8998\">4.7.2 This also includes raising staff awareness of good data security practices and the importance of complying with established procedures.<\/p>\n<p data-renderer-start-pos=\"8906\"> <\/p>\n<p data-renderer-start-pos=\"8908\"> <\/p>\n<p data-renderer-start-pos=\"8910\"> <\/p>\n<p data-renderer-start-pos=\"8912\">Last update: October 10, 2023<\/p>\n\t\t<\/div>\n\t\t\t\t<\/article>\n\t\t\t\t<\/div>\n\t\t\n\t\t\t\t\t\t<\/div>\n\t\t\t\t<\/div>\n\t\t\t\t\t<\/div>\n\t\t\t\t<\/div>\n\t\t\t\t<\/div>\n\t\t","protected":false},"excerpt":{"rendered":"","protected":false},"author":7,"featured_media":0,"parent":0,"menu_order":0,"comment_status":"closed","ping_status":"closed","template":"","meta":{"_acf_changed":false,"_exactmetrics_skip_tracking":false,"_exactmetrics_sitenote_active":false,"_exactmetrics_sitenote_note":"","_exactmetrics_sitenote_category":0,"footnotes":""},"class_list":["post-6238","page","type-page","status-publish","hentry"],"acf":[],"yoast_head":"<!-- This site is optimized with the Yoast SEO Premium plugin v27.3 (Yoast SEO v27.3) - https:\/\/yoast.com\/product\/yoast-seo-premium-wordpress\/ -->\n<title>personal information policy - Myelin Solutions<\/title>\n<meta name=\"robots\" content=\"index, follow, max-snippet:-1, max-image-preview:large, max-video-preview:-1\" \/>\n<link rel=\"canonical\" href=\"https:\/\/myelin.solutions\/en\/personal-information-policy\/\" \/>\n<meta property=\"og:locale\" content=\"en_US\" \/>\n<meta property=\"og:type\" content=\"article\" \/>\n<meta property=\"og:title\" content=\"personal information policy\" \/>\n<meta property=\"og:url\" content=\"https:\/\/myelin.solutions\/en\/personal-information-policy\/\" \/>\n<meta property=\"og:site_name\" content=\"Myelin Solutions\" \/>\n<meta property=\"article:modified_time\" content=\"2024-04-29T19:22:27+00:00\" \/>\n<meta name=\"twitter:card\" content=\"summary_large_image\" \/>\n<script type=\"application\/ld+json\" class=\"yoast-schema-graph\">{\"@context\":\"https:\\\/\\\/schema.org\",\"@graph\":[{\"@type\":\"WebPage\",\"@id\":\"https:\\\/\\\/myelin.solutions\\\/en\\\/personal-information-policy\\\/\",\"url\":\"https:\\\/\\\/myelin.solutions\\\/en\\\/personal-information-policy\\\/\",\"name\":\"personal information policy - Myelin Solutions\",\"isPartOf\":{\"@id\":\"https:\\\/\\\/myelin.solutions\\\/en\\\/#website\"},\"datePublished\":\"2024-02-17T00:16:13+00:00\",\"dateModified\":\"2024-04-29T19:22:27+00:00\",\"breadcrumb\":{\"@id\":\"https:\\\/\\\/myelin.solutions\\\/en\\\/personal-information-policy\\\/#breadcrumb\"},\"inLanguage\":\"en-US\",\"potentialAction\":[{\"@type\":\"ReadAction\",\"target\":[\"https:\\\/\\\/myelin.solutions\\\/en\\\/personal-information-policy\\\/\"]}]},{\"@type\":\"BreadcrumbList\",\"@id\":\"https:\\\/\\\/myelin.solutions\\\/en\\\/personal-information-policy\\\/#breadcrumb\",\"itemListElement\":[{\"@type\":\"ListItem\",\"position\":1,\"name\":\"Home\",\"item\":\"https:\\\/\\\/myelin.solutions\\\/en\\\/\"},{\"@type\":\"ListItem\",\"position\":2,\"name\":\"personal information policy\"}]},{\"@type\":\"WebSite\",\"@id\":\"https:\\\/\\\/myelin.solutions\\\/en\\\/#website\",\"url\":\"https:\\\/\\\/myelin.solutions\\\/en\\\/\",\"name\":\"Myelin Solutions\",\"description\":\"L&#039;utilisateur au coeur du num\u00e9rique en sant\u00e9 mentale\",\"publisher\":{\"@id\":\"https:\\\/\\\/myelin.solutions\\\/en\\\/#organization\"},\"potentialAction\":[{\"@type\":\"SearchAction\",\"target\":{\"@type\":\"EntryPoint\",\"urlTemplate\":\"https:\\\/\\\/myelin.solutions\\\/en\\\/?s={search_term_string}\"},\"query-input\":{\"@type\":\"PropertyValueSpecification\",\"valueRequired\":true,\"valueName\":\"search_term_string\"}}],\"inLanguage\":\"en-US\"},{\"@type\":\"Organization\",\"@id\":\"https:\\\/\\\/myelin.solutions\\\/en\\\/#organization\",\"name\":\"Myelin Solutions\",\"url\":\"https:\\\/\\\/myelin.solutions\\\/en\\\/\",\"logo\":{\"@type\":\"ImageObject\",\"inLanguage\":\"en-US\",\"@id\":\"https:\\\/\\\/myelin.solutions\\\/en\\\/#\\\/schema\\\/logo\\\/image\\\/\",\"url\":\"https:\\\/\\\/myelin.solutions\\\/wp-content\\\/uploads\\\/2020\\\/11\\\/MyelinSolutions.png\",\"contentUrl\":\"https:\\\/\\\/myelin.solutions\\\/wp-content\\\/uploads\\\/2020\\\/11\\\/MyelinSolutions.png\",\"width\":1580,\"height\":652,\"caption\":\"Myelin Solutions\"},\"image\":{\"@id\":\"https:\\\/\\\/myelin.solutions\\\/en\\\/#\\\/schema\\\/logo\\\/image\\\/\"}}]}<\/script>\n<!-- \/ Yoast SEO Premium plugin. -->","yoast_head_json":{"title":"personal information policy - Myelin Solutions","robots":{"index":"index","follow":"follow","max-snippet":"max-snippet:-1","max-image-preview":"max-image-preview:large","max-video-preview":"max-video-preview:-1"},"canonical":"https:\/\/myelin.solutions\/en\/personal-information-policy\/","og_locale":"en_US","og_type":"article","og_title":"personal information policy","og_url":"https:\/\/myelin.solutions\/en\/personal-information-policy\/","og_site_name":"Myelin Solutions","article_modified_time":"2024-04-29T19:22:27+00:00","twitter_card":"summary_large_image","schema":{"@context":"https:\/\/schema.org","@graph":[{"@type":"WebPage","@id":"https:\/\/myelin.solutions\/en\/personal-information-policy\/","url":"https:\/\/myelin.solutions\/en\/personal-information-policy\/","name":"personal information policy - Myelin Solutions","isPartOf":{"@id":"https:\/\/myelin.solutions\/en\/#website"},"datePublished":"2024-02-17T00:16:13+00:00","dateModified":"2024-04-29T19:22:27+00:00","breadcrumb":{"@id":"https:\/\/myelin.solutions\/en\/personal-information-policy\/#breadcrumb"},"inLanguage":"en-US","potentialAction":[{"@type":"ReadAction","target":["https:\/\/myelin.solutions\/en\/personal-information-policy\/"]}]},{"@type":"BreadcrumbList","@id":"https:\/\/myelin.solutions\/en\/personal-information-policy\/#breadcrumb","itemListElement":[{"@type":"ListItem","position":1,"name":"Home","item":"https:\/\/myelin.solutions\/en\/"},{"@type":"ListItem","position":2,"name":"personal information policy"}]},{"@type":"WebSite","@id":"https:\/\/myelin.solutions\/en\/#website","url":"https:\/\/myelin.solutions\/en\/","name":"Myelin Solutions","description":"L&#039;utilisateur au coeur du num\u00e9rique en sant\u00e9 mentale","publisher":{"@id":"https:\/\/myelin.solutions\/en\/#organization"},"potentialAction":[{"@type":"SearchAction","target":{"@type":"EntryPoint","urlTemplate":"https:\/\/myelin.solutions\/en\/?s={search_term_string}"},"query-input":{"@type":"PropertyValueSpecification","valueRequired":true,"valueName":"search_term_string"}}],"inLanguage":"en-US"},{"@type":"Organization","@id":"https:\/\/myelin.solutions\/en\/#organization","name":"Myelin Solutions","url":"https:\/\/myelin.solutions\/en\/","logo":{"@type":"ImageObject","inLanguage":"en-US","@id":"https:\/\/myelin.solutions\/en\/#\/schema\/logo\/image\/","url":"https:\/\/myelin.solutions\/wp-content\/uploads\/2020\/11\/MyelinSolutions.png","contentUrl":"https:\/\/myelin.solutions\/wp-content\/uploads\/2020\/11\/MyelinSolutions.png","width":1580,"height":652,"caption":"Myelin Solutions"},"image":{"@id":"https:\/\/myelin.solutions\/en\/#\/schema\/logo\/image\/"}}]}},"_links":{"self":[{"href":"https:\/\/myelin.solutions\/en\/wp-json\/wp\/v2\/pages\/6238","targetHints":{"allow":["GET"]}}],"collection":[{"href":"https:\/\/myelin.solutions\/en\/wp-json\/wp\/v2\/pages"}],"about":[{"href":"https:\/\/myelin.solutions\/en\/wp-json\/wp\/v2\/types\/page"}],"author":[{"embeddable":true,"href":"https:\/\/myelin.solutions\/en\/wp-json\/wp\/v2\/users\/7"}],"replies":[{"embeddable":true,"href":"https:\/\/myelin.solutions\/en\/wp-json\/wp\/v2\/comments?post=6238"}],"version-history":[{"count":1,"href":"https:\/\/myelin.solutions\/en\/wp-json\/wp\/v2\/pages\/6238\/revisions"}],"predecessor-version":[{"id":6239,"href":"https:\/\/myelin.solutions\/en\/wp-json\/wp\/v2\/pages\/6238\/revisions\/6239"}],"wp:attachment":[{"href":"https:\/\/myelin.solutions\/en\/wp-json\/wp\/v2\/media?parent=6238"}],"curies":[{"name":"wp","href":"https:\/\/api.w.org\/{rel}","templated":true}]}}